{"id":381,"date":"2024-03-03T19:18:45","date_gmt":"2024-03-03T18:18:45","guid":{"rendered":"https:\/\/zsm-design.com\/?page_id=381"},"modified":"2024-09-01T20:56:57","modified_gmt":"2024-09-01T18:56:57","slug":"elementor-381","status":"publish","type":"page","link":"https:\/\/zsm-design.com\/?page_id=381","title":{"rendered":"Impr,daten"},"content":{"rendered":"\t\t<div data-elementor-type=\"wp-page\" data-elementor-id=\"381\" class=\"elementor elementor-381\">\n\t\t\t\t<div class=\"elementor-element elementor-element-790b371 e-flex e-con-boxed wpr-particle-no wpr-jarallax-no wpr-parallax-no wpr-sticky-section-no e-con e-parent\" data-id=\"790b371\" data-element_type=\"container\" data-settings=\"{&quot;background_background&quot;:&quot;classic&quot;}\">\n\t\t\t\t\t<div class=\"e-con-inner\">\n\t\t\t\t<div class=\"elementor-element elementor-element-d463587 exad-sticky-section-no exad-glass-effect-no elementor-widget elementor-widget-text-editor\" data-id=\"d463587\" data-element_type=\"widget\" data-widget_type=\"text-editor.default\">\n\t\t\t\t<div class=\"elementor-widget-container\">\n\t\t\t<style>\/*! elementor - v3.23.0 - 05-08-2024 *\/\n.elementor-widget-text-editor.elementor-drop-cap-view-stacked .elementor-drop-cap{background-color:#69727d;color:#fff}.elementor-widget-text-editor.elementor-drop-cap-view-framed .elementor-drop-cap{color:#69727d;border:3px solid;background-color:transparent}.elementor-widget-text-editor:not(.elementor-drop-cap-view-default) .elementor-drop-cap{margin-top:8px}.elementor-widget-text-editor:not(.elementor-drop-cap-view-default) .elementor-drop-cap-letter{width:1em;height:1em}.elementor-widget-text-editor .elementor-drop-cap{float:left;text-align:center;line-height:1;font-size:50px}.elementor-widget-text-editor .elementor-drop-cap-letter{display:inline-block}<\/style>\t\t\t\t<h3>Erkl\u00e4rung zur\u00a0 Informationspflicht<\/h3>\n<p align=\"center\"><strong>Datenschutzerkl\u00e4rung<\/strong><\/p>\nIn folgender Datenschutzerkl\u00e4rung informieren wir Sie \u00fcber die wichtigsten Aspekte der Datenverarbeitung im Rahmen unserer Webseite. Wir erheben und verarbeiten personenbezogene Daten nur auf Grundlage der gesetzlichen Bestimmungen (Datenschutzgrundverordnung, Telekommunikationsgesetz 2003).\n\nSobald Sie als Benutzer auf unsere Webseite zugreifen oder diese besuchen wird Ihre IP-Adresse, Beginn sowie Beginn und Ende der Sitzung erfasst. Dies ist technisch bedingt und stellt somit ein berechtigtes Interesse iSv Art 6 Abs 1 lit f DSGVO.\n<h5>Kontakt mit uns<\/h5>\nWenn Sie uns, entweder \u00fcber unser Kontaktformular auf unserer Webseite, oder per Email kontaktieren, dann werden die von Ihnen an uns \u00fcbermittelten Daten zwecks Bearbeitung Ihrer Anfrage oder f\u00fcr den Fall von weiteren Anschlussfragen f\u00fcr sechs Monate bei uns gespeichert. Es erfolgt, ohne Ihre Einwilligung, keine Weitergabe Ihrer \u00fcbermittelten Daten.\n<h5>Cookies<\/h5>\nUnsere Website verwendet so genannte Cookies. Dabei handelt es sich um kleine Textdateien, die mit Hilfe des Browsers auf Ihrem Endger\u00e4t abgelegt werden. Sie richten keinen Schaden an. Wir nutzen Cookies dazu, unser Angebot nutzerfreundlich zu gestalten. Einige Cookies bleiben auf Ihrem Endger\u00e4t gespeichert, bis Sie diese l\u00f6schen. Sie erm\u00f6glichen es uns, Ihren Browser beim n\u00e4chsten Besuch wiederzuerkennen. Wenn Sie dies nicht w\u00fcnschen, so k\u00f6nnen Sie Ihren Browser so einrichten, dass er Sie \u00fcber das Setzen von Cookies informiert und Sie dies nur im Einzelfall erlauben. Bei der Deaktivierung von Cookies kann die Funktionalit\u00e4t unserer Website eingeschr\u00e4nkt sein.\n<h5>Google Fonts<\/h5>\nUnsere Website verwendet Schriftarten von \u201eGoogle Fonts\u201c. Der Dienstanbieter dieser Funktion ist:\n<ul>\n \t<li>Google Ireland Limited Gordon House, Barrow Street Dublin 4. Ireland<\/li>\n<\/ul>\nTel: +353 1 543 1000\n\nBeim Aufrufen dieser Webseite l\u00e4dt Ihr Browser Schriftarten und speichert diese in den Cache. Da Sie, als Besucher der Webseite, Daten des Dienstanbieters empfangen kann Google unter Umst\u00e4nden Cookies auf Ihrem Rechner setzen oder analysieren.\n\nDie Nutzung von \u201eGoogle-Fonts\u201c dient der Optimierung unserer Dienstleistung und der einheitlichen Darstellung von Inhalten. Dies stellt ein berechtigtes Interesse im Sinne von Art. 6 Abs. 1 lit. f DSGVO dar.\n\nWeitere Informationen zu Google Fonts erhalten Sie unter folgendem Link:\n<ul>\n \t<li><a href=\"https:\/\/developers.google.com\/fonts\/faq\"> https:\/\/developers.google.com\/fonts\/faq <\/a><\/li>\n<\/ul>\nWeitere Informationen \u00fcber den Umgang mit Nutzerdaten von Google k\u00f6nnen Sie der Datenschutzerkl\u00e4rung entnehmen:\n<ul>\n \t<li><a href=\"https:\/\/policies.google.com\/privacy?hl=de\"> https:\/\/policies.google.com\/privacy?hl=de <\/a> .<\/li>\n<\/ul>\nGoogle verarbeitet die Daten auch in den USA, hat sich jedoch dem\nEU-US Privacy-Shield unterworfen.\n\n<a href=\"https:\/\/www.privacyshield.gov\/EU-US-Framework\"> https:\/\/www.privacyshield.gov\/EU-US-Framework <\/a>\n<h5>Ihre Rechte als Betroffener<\/h5>\nSie als Betroffener haben bez\u00fcglich Ihrer Daten, welche bei uns gespeichert sind grunds\u00e4tzlich ein Recht auf:\n<ul>\n \t<li>Auskunft<\/li>\n \t<li>L\u00f6schung der Daten<\/li>\n \t<li>Berichtigung der Daten<\/li>\n \t<li>\u00dcbertragbarkeit der Daten<\/li>\n \t<li>Wiederruf und Widerspruch zur Datenverarbeitung<\/li>\n \t<li>Einschr\u00e4nkung<\/li>\n<\/ul>\nWenn sie vermuten, dass im Zuge der Verarbeitung Ihrer Daten Verst\u00f6\u00dfe gegen das Datenschutzrecht passiert sind, so haben Sie die M\u00f6glichkeit sich bei uns (molnarzsofia74@gmail.com) oder der Datenschutzbeh\u00f6rde zu beschweren.\n<h5>Sie erreichen uns unter folgenden Kontaktdaten:<\/h5>\n<b>Webseitenbetreiber:<\/b> Zsofia Molnar\n<b>Telefonnummer:<\/b> &#8211;\n<b>Email:<\/b> molnarzsofia74@gmail.com\n\nQuelle: <b><a href=\"https:\/\/www.rechtstexte-generator.at\/dsgvo-generator-oesterreich\/\">DSGVO Datenschutz Generator \u00d6sterreich<\/a> in Kooperation mit <a href=\"https:\/\/ortner-rechtsanwalt.at\">Rechtsanwalt Wien<\/a><\/b><br><br>\n<h4>Impressum<\/h4>\n<b>Informationen und Offenlegung gem\u00e4\u00df \u00a75 (1) ECG, \u00a7 25 MedienG, \u00a7 63 GewO und \u00a7 14 UGB<\/b>\n\n<b>Webseitenbetreiber:<\/b> Zsofia Molnar\n\n<b>Anschrift:<\/b> .,\n\n<b>UID-Nr:<\/b>\n<b>Gewerbeaufsichtbeh\u00f6rde:<\/b>\n<b>Mitgliedschaften:<\/b>\n\n<b>Kontaktdaten:<\/b>\nTelefon:\nEmail: molnarzsofia74@gmail.com\nFax:\n\n<b>Anwendbare Rechtsvorschrift:<\/b> www.ris.bka.gv.at\n<b>Berufsbezeichnung:<\/b>\n\n<b>Online Streitbeilegung:<\/b> Verbraucher, welche in \u00d6sterreich oder in einem sonstigen Vertragsstaat der ODR-VO niedergelassen sind, haben die M\u00f6glichkeit Probleme bez\u00fcglich dem entgeltlichen Kauf von Waren oder Dienstleistungen im Rahmen einer Online-Streitbeilegung (nach OS, AStG) zu l\u00f6sen. Die Europa\u0308ische Kommission stellt eine Plattform hierf\u00fcr bereit: https:\/\/ec.europa.eu\/consumers\/odr\n\n<b>Urheberrecht:<\/b> Die Inhalte dieser Webseite unterliegen, soweit dies rechtlich m\u00f6glich ist, diversen Schutzrechten (z.B dem Urheberrecht). Jegliche Verwendung\/Verbreitung von bereitgestelltem Material, welche urheberrechtlich untersagt ist, bedarf schriftlicher Zustimmung des Webseitenbetreibers.\n\n<b>Haftungsausschluss:<\/b> Trotz sorgf\u00e4ltiger inhaltlicher Kontrolle \u00fcbernimmt der Webseitenbetreiber dieser Webseite keine Haftung f\u00fcr die Inhalte externer Links. F\u00fcr den Inhalt der verlinkten Seiten sind ausschlie\u00dflich deren Betreiber verantwortlich. Sollten Sie dennoch auf ausgehende Links aufmerksam werden, welche auf eine Webseite mit rechtswidriger T\u00e4tigkeit\/Information verweisen, ersuchen wir um dementsprechenden Hinweis, um diese nach \u00a7 17 Abs. 2 ECG umgehend zu entfernen.\nDie Urheberrechte Dritter werden vom Betreiber dieser Webseite mit gr\u00f6\u00dfter Sorgfalt beachtet. Sollten Sie trotzdem auf eine Urheberrechtsverletzung aufmerksam werden, bitten wir um einen entsprechenden Hinweis. Bei Bekanntwerden derartiger Rechtsverletzungen werden wir den betroffenen Inhalt umgehend entfernen.\n\n<b>Blattlinie:<\/b> z.B Informationen \u00fcber Holzverarbeitung bereitstellen\n\nQuelle: <b><a href=\"https:\/\/www.rechtstexte-generator.at\/impressum-generator\/\">Impressum Generator \u00d6sterreich<\/a> in Kooperation mit <a href=\"https:\/\/ortner-rechtsanwalt.at\">Rechtsanwalt Wien<\/a><\/b>\n<h3>Quellen<\/h3>\nF\u00fcr diese Website habe ich folgende Quellen verwendet:\n<ul>\n \t<li style=\"list-style-type: none;\">\n<ul>\n \t<li><strong>Bilder, music:<\/strong>\n<ul>\n \t<li>Pixabay: <a href=\"https:\/\/pixabay.com\/\" target=\"_new\">www.pixabay.com<\/a><\/li>\n \t<li>Freepik: <a href=\"https:\/\/www.freepik.com\/\" target=\"_new\">www.freepik.com<\/a><\/li>\n<\/ul>\n<\/li>\n<\/ul>\n<\/li>\n<\/ul>\n<ul>\n \t<li><strong>Symbole und Vektoren:<\/strong><\/li>\n \t<li>SVG Repo: <a href=\"https:\/\/www.svgrepo.com\/\" target=\"_new\">www.svgrepo.com<\/a><\/li>\n<\/ul>\nIch m\u00f6chte betonen, dass die WordPress-Vorlagen nur Entw\u00fcrfe sind, und ich mich bei der Gestaltung der Seiten ausschlie\u00dflich auf meine eigene Kreativit\u00e4t gest\u00fctzt habe.\n\nAlle Rechte bleiben den Eigent\u00fcmern des Originalinhalts vorbehalten.\n\n<b>\u00a0<\/b>\t\t\t\t\t\t<\/div>\n\t\t\t\t<\/div>\n\t\t\t\t\t<\/div>\n\t\t\t\t<\/div>\n\t\t\t\t<\/div>\n\t\t","protected":false},"excerpt":{"rendered":"<p>Erkl\u00e4rung zur\u00a0 Informationspflicht Datenschutzerkl\u00e4rung In folgender Datenschutzerkl\u00e4rung informieren wir Sie \u00fcber die wichtigsten Aspekte der Datenverarbeitung im Rahmen unserer Webseite. Wir erheben und verarbeiten personenbezogene Daten nur auf Grundlage der gesetzlichen Bestimmungen (Datenschutzgrundverordnung, Telekommunikationsgesetz 2003). Sobald Sie als Benutzer auf unsere Webseite zugreifen oder diese besuchen wird Ihre IP-Adresse, Beginn sowie Beginn und Ende der Sitzung erfasst. Dies ist technisch bedingt und stellt somit ein berechtigtes Interesse iSv Art 6 Abs 1 lit f DSGVO. Kontakt mit uns Wenn Sie uns, entweder \u00fcber unser Kontaktformular auf unserer Webseite, oder per Email kontaktieren, dann werden die von Ihnen an uns \u00fcbermittelten Daten zwecks Bearbeitung Ihrer Anfrage oder f\u00fcr den Fall von weiteren Anschlussfragen f\u00fcr sechs Monate bei uns gespeichert. Es erfolgt, ohne Ihre Einwilligung, keine Weitergabe Ihrer \u00fcbermittelten Daten. Cookies Unsere Website verwendet so genannte Cookies. Dabei handelt es sich um kleine Textdateien, die mit Hilfe des Browsers auf Ihrem Endger\u00e4t abgelegt werden. Sie richten keinen Schaden an. Wir nutzen Cookies dazu, unser Angebot nutzerfreundlich zu gestalten. Einige Cookies bleiben auf Ihrem Endger\u00e4t gespeichert, bis Sie diese l\u00f6schen. Sie erm\u00f6glichen es uns, Ihren Browser beim n\u00e4chsten Besuch wiederzuerkennen. Wenn Sie dies nicht w\u00fcnschen, so k\u00f6nnen Sie Ihren Browser so einrichten, dass er Sie \u00fcber das Setzen von Cookies informiert und Sie dies nur im Einzelfall erlauben. Bei der Deaktivierung von Cookies kann die Funktionalit\u00e4t unserer Website eingeschr\u00e4nkt sein. Google Fonts Unsere Website verwendet Schriftarten von \u201eGoogle Fonts\u201c. Der Dienstanbieter dieser Funktion ist: Google Ireland Limited Gordon House, Barrow Street Dublin 4. Ireland Tel: +353 1 543 1000 Beim Aufrufen dieser Webseite l\u00e4dt Ihr Browser Schriftarten und speichert diese in den Cache. Da Sie, als Besucher der Webseite, Daten des Dienstanbieters empfangen kann Google unter Umst\u00e4nden Cookies auf Ihrem Rechner setzen oder analysieren. Die Nutzung von \u201eGoogle-Fonts\u201c dient der Optimierung unserer Dienstleistung und der einheitlichen Darstellung von Inhalten. Dies stellt ein berechtigtes Interesse im Sinne von Art. 6 Abs. 1 lit. f DSGVO dar. Weitere Informationen zu Google Fonts erhalten Sie unter folgendem Link: https:\/\/developers.google.com\/fonts\/faq Weitere Informationen \u00fcber den Umgang mit Nutzerdaten von Google k\u00f6nnen Sie der Datenschutzerkl\u00e4rung entnehmen: https:\/\/policies.google.com\/privacy?hl=de . Google verarbeitet die Daten auch in den USA, hat sich jedoch dem EU-US Privacy-Shield unterworfen. https:\/\/www.privacyshield.gov\/EU-US-Framework Ihre Rechte als Betroffener Sie als Betroffener haben bez\u00fcglich Ihrer Daten, welche bei uns gespeichert sind grunds\u00e4tzlich ein Recht auf: Auskunft L\u00f6schung der Daten Berichtigung der Daten \u00dcbertragbarkeit der Daten Wiederruf und Widerspruch zur Datenverarbeitung Einschr\u00e4nkung Wenn sie vermuten, dass im Zuge der Verarbeitung Ihrer Daten Verst\u00f6\u00dfe gegen das Datenschutzrecht passiert sind, so haben Sie die M\u00f6glichkeit sich bei uns (molnarzsofia74@gmail.com) oder der Datenschutzbeh\u00f6rde zu beschweren. Sie erreichen uns unter folgenden Kontaktdaten: Webseitenbetreiber: Zsofia Molnar Telefonnummer: &#8211; Email: molnarzsofia74@gmail.com Quelle: DSGVO Datenschutz Generator \u00d6sterreich in Kooperation mit Rechtsanwalt Wien Impressum Informationen und Offenlegung gem\u00e4\u00df \u00a75 (1) ECG, \u00a7 25 MedienG, \u00a7 63 GewO und \u00a7 14 UGB Webseitenbetreiber: Zsofia Molnar Anschrift: ., UID-Nr: Gewerbeaufsichtbeh\u00f6rde: Mitgliedschaften: Kontaktdaten: Telefon: Email: molnarzsofia74@gmail.com Fax: Anwendbare Rechtsvorschrift: www.ris.bka.gv.at Berufsbezeichnung: Online Streitbeilegung: Verbraucher, welche in \u00d6sterreich oder in einem sonstigen Vertragsstaat der ODR-VO niedergelassen sind, haben die M\u00f6glichkeit Probleme bez\u00fcglich dem entgeltlichen Kauf von Waren oder Dienstleistungen im Rahmen einer Online-Streitbeilegung (nach OS, AStG) zu l\u00f6sen. Die Europa\u0308ische Kommission stellt eine Plattform hierf\u00fcr bereit: https:\/\/ec.europa.eu\/consumers\/odr Urheberrecht: Die Inhalte dieser Webseite unterliegen, soweit dies rechtlich m\u00f6glich ist, diversen Schutzrechten (z.B dem Urheberrecht). Jegliche Verwendung\/Verbreitung von bereitgestelltem Material, welche urheberrechtlich untersagt ist, bedarf schriftlicher Zustimmung des Webseitenbetreibers. Haftungsausschluss: Trotz sorgf\u00e4ltiger inhaltlicher Kontrolle \u00fcbernimmt der Webseitenbetreiber dieser Webseite keine Haftung f\u00fcr die Inhalte externer Links. F\u00fcr den Inhalt der verlinkten Seiten sind ausschlie\u00dflich deren Betreiber verantwortlich. Sollten Sie dennoch auf ausgehende Links aufmerksam werden, welche auf eine Webseite mit rechtswidriger T\u00e4tigkeit\/Information verweisen, ersuchen wir um dementsprechenden Hinweis, um diese nach \u00a7 17 Abs. 2 ECG umgehend zu entfernen. Die Urheberrechte Dritter werden vom Betreiber dieser Webseite mit gr\u00f6\u00dfter Sorgfalt beachtet. Sollten Sie trotzdem auf eine Urheberrechtsverletzung aufmerksam werden, bitten wir um einen entsprechenden Hinweis. Bei Bekanntwerden derartiger Rechtsverletzungen werden wir den betroffenen Inhalt umgehend entfernen. Blattlinie: z.B Informationen \u00fcber Holzverarbeitung bereitstellen Quelle: Impressum Generator \u00d6sterreich in Kooperation mit Rechtsanwalt Wien Quellen F\u00fcr diese Website habe ich folgende Quellen verwendet: Bilder, music: Pixabay: www.pixabay.com Freepik: www.freepik.com Symbole und Vektoren: SVG Repo: www.svgrepo.com Ich m\u00f6chte betonen, dass die WordPress-Vorlagen nur Entw\u00fcrfe sind, und ich mich bei der Gestaltung der Seiten ausschlie\u00dflich auf meine eigene Kreativit\u00e4t gest\u00fctzt habe. Alle Rechte bleiben den Eigent\u00fcmern des Originalinhalts vorbehalten. \u00a0<\/p>\n","protected":false},"author":1,"featured_media":0,"parent":0,"menu_order":0,"comment_status":"closed","ping_status":"closed","template":"elementor_canvas","meta":{"site-sidebar-layout":"no-sidebar","site-content-layout":"","ast-site-content-layout":"full-width-container","site-content-style":"default","site-sidebar-style":"default","ast-global-header-display":"","ast-banner-title-visibility":"","ast-main-header-display":"","ast-hfb-above-header-display":"","ast-hfb-below-header-display":"","ast-hfb-mobile-header-display":"","site-post-title":"disabled","ast-breadcrumbs-content":"","ast-featured-img":"disabled","footer-sml-layout":"","theme-transparent-header-meta":"","adv-header-id-meta":"","stick-header-meta":"","header-above-stick-meta":"","header-main-stick-meta":"","header-below-stick-meta":"","astra-migrate-meta-layouts":"default","ast-page-background-enabled":"default","ast-page-background-meta":{"desktop":{"background-color":"var(--ast-global-color-4)","background-image":"","background-repeat":"repeat","background-position":"center center","background-size":"auto","background-attachment":"scroll","background-type":"","background-media":"","overlay-type":"","overlay-color":"","overlay-gradient":""},"tablet":{"background-color":"","background-image":"","background-repeat":"repeat","background-position":"center center","background-size":"auto","background-attachment":"scroll","background-type":"","background-media":"","overlay-type":"","overlay-color":"","overlay-gradient":""},"mobile":{"background-color":"","background-image":"","background-repeat":"repeat","background-position":"center center","background-size":"auto","background-attachment":"scroll","background-type":"","background-media":"","overlay-type":"","overlay-color":"","overlay-gradient":""}},"ast-content-background-meta":{"desktop":{"background-color":"var(--ast-global-color-5)","background-image":"","background-repeat":"repeat","background-position":"center center","background-size":"auto","background-attachment":"scroll","background-type":"","background-media":"","overlay-type":"","overlay-color":"","overlay-gradient":""},"tablet":{"background-color":"var(--ast-global-color-5)","background-image":"","background-repeat":"repeat","background-position":"center center","background-size":"auto","background-attachment":"scroll","background-type":"","background-media":"","overlay-type":"","overlay-color":"","overlay-gradient":""},"mobile":{"background-color":"var(--ast-global-color-5)","background-image":"","background-repeat":"repeat","background-position":"center center","background-size":"auto","background-attachment":"scroll","background-type":"","background-media":"","overlay-type":"","overlay-color":"","overlay-gradient":""}},"footnotes":""},"featured_image_src":null,"_links":{"self":[{"href":"https:\/\/zsm-design.com\/index.php?rest_route=\/wp\/v2\/pages\/381"}],"collection":[{"href":"https:\/\/zsm-design.com\/index.php?rest_route=\/wp\/v2\/pages"}],"about":[{"href":"https:\/\/zsm-design.com\/index.php?rest_route=\/wp\/v2\/types\/page"}],"author":[{"embeddable":true,"href":"https:\/\/zsm-design.com\/index.php?rest_route=\/wp\/v2\/users\/1"}],"replies":[{"embeddable":true,"href":"https:\/\/zsm-design.com\/index.php?rest_route=%2Fwp%2Fv2%2Fcomments&post=381"}],"version-history":[{"count":20,"href":"https:\/\/zsm-design.com\/index.php?rest_route=\/wp\/v2\/pages\/381\/revisions"}],"predecessor-version":[{"id":2416,"href":"https:\/\/zsm-design.com\/index.php?rest_route=\/wp\/v2\/pages\/381\/revisions\/2416"}],"wp:attachment":[{"href":"https:\/\/zsm-design.com\/index.php?rest_route=%2Fwp%2Fv2%2Fmedia&parent=381"}],"curies":[{"name":"wp","href":"https:\/\/api.w.org\/{rel}","templated":true}]}}